{"id":344,"date":"2015-04-01T20:43:47","date_gmt":"2015-04-01T18:43:47","guid":{"rendered":"https:\/\/www.behaeltertec.de\/?page_id=344"},"modified":"2025-01-21T18:16:44","modified_gmt":"2025-01-21T17:16:44","slug":"start","status":"publish","type":"page","link":"https:\/\/www.behaeltertec.de\/en\/","title":{"rendered":"Start"},"content":{"rendered":"<p>Dies ist eine Beispiel-Seite. Sie unterscheidet sich von Beitr\u00e4gen, weil sie stets an der selben Stelle bleibt und (bei den meisten Themes) in der Navigationsleiste angezeigt wird. Die meisten Leute starten mit einer &#8220;\u00dcber uns&#8221;-Seite mit einer Vorstellung f\u00fcr m\u00f6gliche Besucher der Website. Dort k\u00f6nnte zum Beispiel stehen:<\/p>\n<blockquote><p>Hallo! Tags\u00fcber arbeite ich als Fahrradkurier, nachts bin ich ein aufstrebender Schauspieler und dies hier ist mein Blog. Ich lebe in Berlin, habe einen gro\u00dfen Hund namens Jack, mag die Fantastischen Vier\u00a0und ein k\u00fchles Bier.<\/p><\/blockquote>\n<p>Als neuer WordPress-Anwender solltest Du das <a href=\"https:\/\/www.behaeltertec.de\/wp-admin\/\">Dashboard<\/a> aufrufen, um diese Seite zu l\u00f6schen und statt dessen eine neue Seite mit deinem eigenen Inhalt hinzuzuf\u00fcgen. Viel Spa\u00df!<\/p>\n","protected":false},"excerpt":{"rendered":"<p>Dies ist eine Beispiel-Seite. Sie unterscheidet sich von Beitr\u00e4gen, weil sie stets an der selben Stelle bleibt und (bei den meisten Themes) in der Navigationsleiste angezeigt wird. Die meisten Leute starten mit einer &#8220;\u00dcber uns&#8221;-Seite mit einer Vorstellung f\u00fcr m\u00f6gliche Besucher der Website. Dort k\u00f6nnte zum Beispiel stehen: Hallo! Tags\u00fcber arbeite ich als Fahrradkurier, nachts [&hellip;]<\/p>\n","protected":false},"author":1,"featured_media":0,"parent":0,"menu_order":0,"comment_status":"open","ping_status":"open","template":"","meta":{"_acf_changed":false,"footnotes":""},"class_list":["post-344","page","type-page","status-publish","hentry"],"acf":[],"yoast_head":"<!-- This site is optimized with the Yoast SEO plugin v24.1 - https:\/\/yoast.com\/wordpress\/plugins\/seo\/ -->\n<title>Start - Apparate- &amp; Beh\u00e4ltertechnik Heldrungen GmbH<\/title>\n<meta name=\"robots\" content=\"index, follow, max-snippet:-1, max-image-preview:large, max-video-preview:-1\" \/>\n<link rel=\"canonical\" href=\"https:\/\/www.behaeltertec.de\/en\/\" \/>\n<meta property=\"og:locale\" content=\"en_US\" \/>\n<meta property=\"og:type\" content=\"article\" \/>\n<meta property=\"og:title\" content=\"Start - Apparate- &amp; Beh\u00e4ltertechnik Heldrungen GmbH\" \/>\n<meta property=\"og:description\" content=\"Dies ist eine Beispiel-Seite. Sie unterscheidet sich von Beitr\u00e4gen, weil sie stets an der selben Stelle bleibt und (bei den meisten Themes) in der Navigationsleiste angezeigt wird. Die meisten Leute starten mit einer &#8220;\u00dcber uns&#8221;-Seite mit einer Vorstellung f\u00fcr m\u00f6gliche Besucher der Website. Dort k\u00f6nnte zum Beispiel stehen: Hallo! Tags\u00fcber arbeite ich als Fahrradkurier, nachts [&hellip;]\" \/>\n<meta property=\"og:url\" content=\"https:\/\/www.behaeltertec.de\/en\/\" \/>\n<meta property=\"og:site_name\" content=\"Apparate- &amp; Beh\u00e4ltertechnik Heldrungen GmbH\" \/>\n<meta property=\"article:modified_time\" content=\"2025-01-21T17:16:44+00:00\" \/>\n<meta name=\"twitter:label1\" content=\"Est. reading time\" \/>\n\t<meta name=\"twitter:data1\" content=\"1 minute\" \/>\n<script type=\"application\/ld+json\" class=\"yoast-schema-graph\">{\"@context\":\"https:\/\/schema.org\",\"@graph\":[{\"@type\":\"WebPage\",\"@id\":\"https:\/\/www.behaeltertec.de\/en\/\",\"url\":\"https:\/\/www.behaeltertec.de\/en\/\",\"name\":\"Start - Apparate- &amp; Beh\u00e4ltertechnik Heldrungen GmbH\",\"isPartOf\":{\"@id\":\"https:\/\/www.behaeltertec.de\/en\/#website\"},\"datePublished\":\"2015-04-01T18:43:47+00:00\",\"dateModified\":\"2025-01-21T17:16:44+00:00\",\"breadcrumb\":{\"@id\":\"https:\/\/www.behaeltertec.de\/en\/#breadcrumb\"},\"inLanguage\":\"en-US\",\"potentialAction\":[{\"@type\":\"ReadAction\",\"target\":[\"https:\/\/www.behaeltertec.de\/en\/\"]}]},{\"@type\":\"BreadcrumbList\",\"@id\":\"https:\/\/www.behaeltertec.de\/en\/#breadcrumb\",\"itemListElement\":[{\"@type\":\"ListItem\",\"position\":1,\"name\":\"Home\",\"item\":\"https:\/\/www.behaeltertec.de\/en\/\"},{\"@type\":\"ListItem\",\"position\":2,\"name\":\"Start\"}]},{\"@type\":\"WebSite\",\"@id\":\"https:\/\/www.behaeltertec.de\/en\/#website\",\"url\":\"https:\/\/www.behaeltertec.de\/en\/\",\"name\":\"Apparate- &amp; Beh\u00e4ltertechnik Heldrungen GmbH\",\"description\":\"Eine weitere WordPress-Seite\",\"potentialAction\":[{\"@type\":\"SearchAction\",\"target\":{\"@type\":\"EntryPoint\",\"urlTemplate\":\"https:\/\/www.behaeltertec.de\/en\/?s={search_term_string}\"},\"query-input\":{\"@type\":\"PropertyValueSpecification\",\"valueRequired\":true,\"valueName\":\"search_term_string\"}}],\"inLanguage\":\"en-US\"}]}<\/script>\n<!-- \/ Yoast SEO plugin. -->","yoast_head_json":{"title":"Start - Apparate- &amp; Beh\u00e4ltertechnik Heldrungen GmbH","robots":{"index":"index","follow":"follow","max-snippet":"max-snippet:-1","max-image-preview":"max-image-preview:large","max-video-preview":"max-video-preview:-1"},"canonical":"https:\/\/www.behaeltertec.de\/en\/","og_locale":"en_US","og_type":"article","og_title":"Start - Apparate- &amp; Beh\u00e4ltertechnik Heldrungen GmbH","og_description":"Dies ist eine Beispiel-Seite. Sie unterscheidet sich von Beitr\u00e4gen, weil sie stets an der selben Stelle bleibt und (bei den meisten Themes) in der Navigationsleiste angezeigt wird. Die meisten Leute starten mit einer &#8220;\u00dcber uns&#8221;-Seite mit einer Vorstellung f\u00fcr m\u00f6gliche Besucher der Website. Dort k\u00f6nnte zum Beispiel stehen: Hallo! Tags\u00fcber arbeite ich als Fahrradkurier, nachts [&hellip;]","og_url":"https:\/\/www.behaeltertec.de\/en\/","og_site_name":"Apparate- &amp; Beh\u00e4ltertechnik Heldrungen GmbH","article_modified_time":"2025-01-21T17:16:44+00:00","twitter_misc":{"Est. reading time":"1 minute"},"schema":{"@context":"https:\/\/schema.org","@graph":[{"@type":"WebPage","@id":"https:\/\/www.behaeltertec.de\/en\/","url":"https:\/\/www.behaeltertec.de\/en\/","name":"Start - Apparate- &amp; Beh\u00e4ltertechnik Heldrungen GmbH","isPartOf":{"@id":"https:\/\/www.behaeltertec.de\/en\/#website"},"datePublished":"2015-04-01T18:43:47+00:00","dateModified":"2025-01-21T17:16:44+00:00","breadcrumb":{"@id":"https:\/\/www.behaeltertec.de\/en\/#breadcrumb"},"inLanguage":"en-US","potentialAction":[{"@type":"ReadAction","target":["https:\/\/www.behaeltertec.de\/en\/"]}]},{"@type":"BreadcrumbList","@id":"https:\/\/www.behaeltertec.de\/en\/#breadcrumb","itemListElement":[{"@type":"ListItem","position":1,"name":"Home","item":"https:\/\/www.behaeltertec.de\/en\/"},{"@type":"ListItem","position":2,"name":"Start"}]},{"@type":"WebSite","@id":"https:\/\/www.behaeltertec.de\/en\/#website","url":"https:\/\/www.behaeltertec.de\/en\/","name":"Apparate- &amp; Beh\u00e4ltertechnik Heldrungen GmbH","description":"Eine weitere WordPress-Seite","potentialAction":[{"@type":"SearchAction","target":{"@type":"EntryPoint","urlTemplate":"https:\/\/www.behaeltertec.de\/en\/?s={search_term_string}"},"query-input":{"@type":"PropertyValueSpecification","valueRequired":true,"valueName":"search_term_string"}}],"inLanguage":"en-US"}]}},"_links":{"self":[{"href":"https:\/\/www.behaeltertec.de\/en\/wp-json\/wp\/v2\/pages\/344","targetHints":{"allow":["GET"]}}],"collection":[{"href":"https:\/\/www.behaeltertec.de\/en\/wp-json\/wp\/v2\/pages"}],"about":[{"href":"https:\/\/www.behaeltertec.de\/en\/wp-json\/wp\/v2\/types\/page"}],"author":[{"embeddable":true,"href":"https:\/\/www.behaeltertec.de\/en\/wp-json\/wp\/v2\/users\/1"}],"replies":[{"embeddable":true,"href":"https:\/\/www.behaeltertec.de\/en\/wp-json\/wp\/v2\/comments?post=344"}],"version-history":[{"count":34,"href":"https:\/\/www.behaeltertec.de\/en\/wp-json\/wp\/v2\/pages\/344\/revisions"}],"predecessor-version":[{"id":2134,"href":"https:\/\/www.behaeltertec.de\/en\/wp-json\/wp\/v2\/pages\/344\/revisions\/2134"}],"wp:attachment":[{"href":"https:\/\/www.behaeltertec.de\/en\/wp-json\/wp\/v2\/media?parent=344"}],"curies":[{"name":"wp","href":"https:\/\/api.w.org\/{rel}","templated":true}]}}